{"id":12,"date":"2026-05-09T14:51:29","date_gmt":"2026-05-09T11:51:29","guid":{"rendered":"http:\/\/vango.fi\/?page_id=12"},"modified":"2026-05-09T21:22:44","modified_gmt":"2026-05-09T18:22:44","slug":"vango","status":"publish","type":"page","link":"https:\/\/vango.fi\/","title":{"rendered":"Vango"},"content":{"rendered":"\n<figure class=\"wp-block-image aligncenter size-full\"><img loading=\"lazy\" decoding=\"async\" width=\"1024\" height=\"1024\" src=\"http:\/\/vango.fi\/wp-content\/uploads\/2026\/05\/VanGo_logo.jpeg\" alt=\"\" class=\"wp-image-30\" srcset=\"https:\/\/vango.fi\/wp-content\/uploads\/2026\/05\/VanGo_logo.jpeg 1024w, https:\/\/vango.fi\/wp-content\/uploads\/2026\/05\/VanGo_logo-300x300.jpeg 300w, https:\/\/vango.fi\/wp-content\/uploads\/2026\/05\/VanGo_logo-150x150.jpeg 150w, https:\/\/vango.fi\/wp-content\/uploads\/2026\/05\/VanGo_logo-768x768.jpeg 768w\" sizes=\"auto, (max-width: 1024px) 100vw, 1024px\" \/><\/figure>\n\n\n\n<p class=\"has-text-align-center\">Vango on kuriiripalvelu Helsingist\u00e4, joka kuljettaa tavarasi mihin tahansa Suomessa \u2013 nopeasti, luotettavasti ja aina kuljettajan kanssa.<\/p>\n\n\n\n<p class=\"has-text-align-center has-medium-font-size\">Autojen Tekniset tiedot<\/p>\n\n\n<style>.kt-accordion-id12_6fc30c-77 .kt-accordion-inner-wrap{column-gap:var(--global-kb-gap-md, 2rem);row-gap:10px;}.kt-accordion-id12_6fc30c-77 .kt-accordion-panel-inner{border-top:0px solid transparent;border-right:0px solid transparent;border-bottom:0px solid transparent;border-left:0px solid transparent;background:var(--ast-global-color-8);padding-top:var(--global-kb-spacing-sm, 1.5rem);padding-right:var(--global-kb-spacing-sm, 1.5rem);padding-bottom:var(--global-kb-spacing-sm, 1.5rem);padding-left:var(--global-kb-spacing-sm, 1.5rem);}.kt-accordion-id12_6fc30c-77 > .kt-accordion-inner-wrap > .wp-block-kadence-pane > .kt-accordion-header-wrap > .kt-blocks-accordion-header{border-top:0px solid #f2f2f2;border-right:0px solid #f2f2f2;border-bottom:0px solid #f2f2f2;border-left:0px solid #f2f2f2;border-top-left-radius:6px;border-top-right-radius:6px;border-bottom-right-radius:6px;border-bottom-left-radius:6px;background:var(--ast-global-color-1);color:var(--ast-global-color-4);padding-top:14px;padding-right:16px;padding-bottom:14px;padding-left:16px;}.kt-accordion-id12_6fc30c-77:not( .kt-accodion-icon-style-basiccircle ):not( .kt-accodion-icon-style-xclosecircle ):not( .kt-accodion-icon-style-arrowcircle )  > .kt-accordion-inner-wrap > .wp-block-kadence-pane > .kt-accordion-header-wrap .kt-blocks-accordion-icon-trigger:after, .kt-accordion-id12_6fc30c-77:not( .kt-accodion-icon-style-basiccircle ):not( .kt-accodion-icon-style-xclosecircle ):not( .kt-accodion-icon-style-arrowcircle )  > .kt-accordion-inner-wrap > .wp-block-kadence-pane > .kt-accordion-header-wrap .kt-blocks-accordion-icon-trigger:before{background:var(--ast-global-color-4);}.kt-accordion-id12_6fc30c-77:not( .kt-accodion-icon-style-basic ):not( .kt-accodion-icon-style-xclose ):not( .kt-accodion-icon-style-arrow ) .kt-blocks-accordion-icon-trigger{background:var(--ast-global-color-4);}.kt-accordion-id12_6fc30c-77:not( .kt-accodion-icon-style-basic ):not( .kt-accodion-icon-style-xclose ):not( .kt-accodion-icon-style-arrow ) .kt-blocks-accordion-icon-trigger:after, .kt-accordion-id12_6fc30c-77:not( .kt-accodion-icon-style-basic ):not( .kt-accodion-icon-style-xclose ):not( .kt-accodion-icon-style-arrow ) .kt-blocks-accordion-icon-trigger:before{background:var(--ast-global-color-1);}.kt-accordion-id12_6fc30c-77 > .kt-accordion-inner-wrap > .wp-block-kadence-pane > .kt-accordion-header-wrap > .kt-blocks-accordion-header:hover, \n\t\t\t\tbody:not(.hide-focus-outline) .kt-accordion-id12_6fc30c-77 .kt-blocks-accordion-header:focus-visible{color:#444444;background:#eeeeee;border-top-color:#eeeeee;border-top-style:solid;border-right-color:#eeeeee;border-right-style:solid;border-bottom-color:#eeeeee;border-bottom-style:solid;border-left-color:#eeeeee;border-left-style:solid;}.kt-accordion-id12_6fc30c-77:not( .kt-accodion-icon-style-basiccircle ):not( .kt-accodion-icon-style-xclosecircle ):not( .kt-accodion-icon-style-arrowcircle ) .kt-accordion-header-wrap .kt-blocks-accordion-header:hover .kt-blocks-accordion-icon-trigger:after, .kt-accordion-id12_6fc30c-77:not( .kt-accodion-icon-style-basiccircle ):not( .kt-accodion-icon-style-xclosecircle ):not( .kt-accodion-icon-style-arrowcircle ) .kt-accordion-header-wrap .kt-blocks-accordion-header:hover .kt-blocks-accordion-icon-trigger:before, body:not(.hide-focus-outline) .kt-accordion-id12_6fc30c-77:not( .kt-accodion-icon-style-basiccircle ):not( .kt-accodion-icon-style-xclosecircle ):not( .kt-accodion-icon-style-arrowcircle ) .kt-blocks-accordion--visible .kt-blocks-accordion-icon-trigger:after, body:not(.hide-focus-outline) .kt-accordion-id12_6fc30c-77:not( .kt-accodion-icon-style-basiccircle ):not( .kt-accodion-icon-style-xclosecircle ):not( .kt-accodion-icon-style-arrowcircle ) .kt-blocks-accordion-header:focus-visible .kt-blocks-accordion-icon-trigger:before{background:#444444;}.kt-accordion-id12_6fc30c-77:not( .kt-accodion-icon-style-basic ):not( .kt-accodion-icon-style-xclose ):not( .kt-accodion-icon-style-arrow ) .kt-accordion-header-wrap .kt-blocks-accordion-header:hover .kt-blocks-accordion-icon-trigger, body:not(.hide-focus-outline) .kt-accordion-id12_6fc30c-77:not( .kt-accodion-icon-style-basic ):not( .kt-accodion-icon-style-xclose ):not( .kt-accodion-icon-style-arrow ) .kt-accordion-header-wrap .kt-blocks-accordion-header:focus-visible .kt-blocks-accordion-icon-trigger{background:#444444;}.kt-accordion-id12_6fc30c-77:not( .kt-accodion-icon-style-basic ):not( .kt-accodion-icon-style-xclose ):not( .kt-accodion-icon-style-arrow ) .kt-accordion-header-wrap .kt-blocks-accordion-header:hover .kt-blocks-accordion-icon-trigger:after, .kt-accordion-id12_6fc30c-77:not( .kt-accodion-icon-style-basic ):not( .kt-accodion-icon-style-xclose ):not( .kt-accodion-icon-style-arrow ) .kt-accordion-header-wrap .kt-blocks-accordion-header:hover .kt-blocks-accordion-icon-trigger:before, body:not(.hide-focus-outline) .kt-accordion-id12_6fc30c-77:not( .kt-accodion-icon-style-basic ):not( .kt-accodion-icon-style-xclose ):not( .kt-accodion-icon-style-arrow ) .kt-accordion-header-wrap .kt-blocks-accordion-header:focus-visible .kt-blocks-accordion-icon-trigger:after, body:not(.hide-focus-outline) .kt-accordion-id12_6fc30c-77:not( .kt-accodion-icon-style-basic ):not( .kt-accodion-icon-style-xclose ):not( .kt-accodion-icon-style-arrow ) .kt-accordion-header-wrap .kt-blocks-accordion-header:focus-visible .kt-blocks-accordion-icon-trigger:before{background:#eeeeee;}.kt-accordion-id12_6fc30c-77 .kt-accordion-header-wrap .kt-blocks-accordion-header:focus-visible,\n\t\t\t\t.kt-accordion-id12_6fc30c-77 > .kt-accordion-inner-wrap > .wp-block-kadence-pane > .kt-accordion-header-wrap > .kt-blocks-accordion-header.kt-accordion-panel-active{color:#ffffff;background:var(--ast-global-color-0);border-top-color:#BE530B;border-top-style:solid;border-right-color:#BE530B;border-right-style:solid;border-bottom-color:#BE530B;border-bottom-style:solid;border-left-color:#BE530B;border-left-style:solid;}.kt-accordion-id12_6fc30c-77:not( .kt-accodion-icon-style-basiccircle ):not( .kt-accodion-icon-style-xclosecircle ):not( .kt-accodion-icon-style-arrowcircle )  > .kt-accordion-inner-wrap > .wp-block-kadence-pane > .kt-accordion-header-wrap > .kt-blocks-accordion-header.kt-accordion-panel-active .kt-blocks-accordion-icon-trigger:after, .kt-accordion-id12_6fc30c-77:not( .kt-accodion-icon-style-basiccircle ):not( .kt-accodion-icon-style-xclosecircle ):not( .kt-accodion-icon-style-arrowcircle )  > .kt-accordion-inner-wrap > .wp-block-kadence-pane > .kt-accordion-header-wrap > .kt-blocks-accordion-header.kt-accordion-panel-active .kt-blocks-accordion-icon-trigger:before{background:#ffffff;}.kt-accordion-id12_6fc30c-77:not( .kt-accodion-icon-style-basic ):not( .kt-accodion-icon-style-xclose ):not( .kt-accodion-icon-style-arrow ) .kt-blocks-accordion-header.kt-accordion-panel-active .kt-blocks-accordion-icon-trigger{background:#ffffff;}.kt-accordion-id12_6fc30c-77:not( .kt-accodion-icon-style-basic ):not( .kt-accodion-icon-style-xclose ):not( .kt-accodion-icon-style-arrow ) .kt-blocks-accordion-header.kt-accordion-panel-active .kt-blocks-accordion-icon-trigger:after, .kt-accordion-id12_6fc30c-77:not( .kt-accodion-icon-style-basic ):not( .kt-accodion-icon-style-xclose ):not( .kt-accodion-icon-style-arrow ) .kt-blocks-accordion-header.kt-accordion-panel-active .kt-blocks-accordion-icon-trigger:before{background:var(--ast-global-color-0);}@media all and (max-width: 1024px){.kt-accordion-id12_6fc30c-77 .kt-accordion-panel-inner{border-top:0px solid transparent;border-right:0px solid transparent;border-bottom:0px solid transparent;border-left:0px solid transparent;}}@media all and (max-width: 1024px){.kt-accordion-id12_6fc30c-77 > .kt-accordion-inner-wrap > .wp-block-kadence-pane > .kt-accordion-header-wrap > .kt-blocks-accordion-header{border-top:0px solid #f2f2f2;border-right:0px solid #f2f2f2;border-bottom:0px solid #f2f2f2;border-left:0px solid #f2f2f2;}}@media all and (max-width: 1024px){.kt-accordion-id12_6fc30c-77 > .kt-accordion-inner-wrap > .wp-block-kadence-pane > .kt-accordion-header-wrap > .kt-blocks-accordion-header:hover, \n\t\t\t\tbody:not(.hide-focus-outline) .kt-accordion-id12_6fc30c-77 .kt-blocks-accordion-header:focus-visible{border-top-color:#eeeeee;border-top-style:solid;border-right-color:#eeeeee;border-right-style:solid;border-bottom-color:#eeeeee;border-bottom-style:solid;border-left-color:#eeeeee;border-left-style:solid;}}@media all and (max-width: 1024px){.kt-accordion-id12_6fc30c-77 .kt-accordion-header-wrap .kt-blocks-accordion-header:focus-visible,\n\t\t\t\t.kt-accordion-id12_6fc30c-77 > .kt-accordion-inner-wrap > .wp-block-kadence-pane > .kt-accordion-header-wrap > .kt-blocks-accordion-header.kt-accordion-panel-active{border-top-color:#BE530B;border-top-style:solid;border-right-color:#BE530B;border-right-style:solid;border-bottom-color:#BE530B;border-bottom-style:solid;border-left-color:#BE530B;border-left-style:solid;}}@media all and (max-width: 767px){.kt-accordion-id12_6fc30c-77 .kt-accordion-inner-wrap{display:block;}.kt-accordion-id12_6fc30c-77 .kt-accordion-inner-wrap .kt-accordion-pane:not(:first-child){margin-top:10px;}.kt-accordion-id12_6fc30c-77 .kt-accordion-panel-inner{border-top:0px solid transparent;border-right:0px solid transparent;border-bottom:0px solid transparent;border-left:0px solid transparent;}.kt-accordion-id12_6fc30c-77 > .kt-accordion-inner-wrap > .wp-block-kadence-pane > .kt-accordion-header-wrap > .kt-blocks-accordion-header{border-top:0px solid #f2f2f2;border-right:0px solid #f2f2f2;border-bottom:0px solid #f2f2f2;border-left:0px solid #f2f2f2;}.kt-accordion-id12_6fc30c-77 > .kt-accordion-inner-wrap > .wp-block-kadence-pane > .kt-accordion-header-wrap > .kt-blocks-accordion-header:hover, \n\t\t\t\tbody:not(.hide-focus-outline) .kt-accordion-id12_6fc30c-77 .kt-blocks-accordion-header:focus-visible{border-top-color:#eeeeee;border-top-style:solid;border-right-color:#eeeeee;border-right-style:solid;border-bottom-color:#eeeeee;border-bottom-style:solid;border-left-color:#eeeeee;border-left-style:solid;}.kt-accordion-id12_6fc30c-77 .kt-accordion-header-wrap .kt-blocks-accordion-header:focus-visible,\n\t\t\t\t.kt-accordion-id12_6fc30c-77 > .kt-accordion-inner-wrap > .wp-block-kadence-pane > .kt-accordion-header-wrap > .kt-blocks-accordion-header.kt-accordion-panel-active{border-top-color:#BE530B;border-top-style:solid;border-right-color:#BE530B;border-right-style:solid;border-bottom-color:#BE530B;border-bottom-style:solid;border-left-color:#BE530B;border-left-style:solid;}}<\/style>\n<div class=\"wp-block-kadence-accordion alignnone\"><div class=\"kt-accordion-wrap kt-accordion-id12_6fc30c-77 kt-accordion-has-2-panes kt-active-pane-0 kt-accordion-block kt-pane-header-alignment-left kt-accodion-icon-style-basic kt-accodion-icon-side-right\" style=\"max-width:none\"><div class=\"kt-accordion-inner-wrap\" data-allow-multiple-open=\"false\" data-start-open=\"none\">\n<div class=\"wp-block-kadence-pane kt-accordion-pane kt-accordion-pane-1 kt-pane12_466cde-b6\"><div class=\"kt-accordion-header-wrap\"><button class=\"kt-blocks-accordion-header kt-acccordion-button-label-show\" type=\"button\"><span class=\"kt-blocks-accordion-title-wrap\"><span class=\"kt-blocks-accordion-title\">N\u00e4yt\u00e4 tekniset tiedot<\/span><\/span><span class=\"kt-blocks-accordion-icon-trigger\"><\/span><\/button><\/div><div class=\"kt-accordion-panel kt-accordion-panel-hidden\"><div class=\"kt-accordion-panel-inner\">\n<figure class=\"wp-block-table is-style-regular\"><table class=\"has-white-color has-black-background-color has-text-color has-background has-link-color has-fixed-layout\"><tbody><tr><td>Autot<\/td><td>Opel Vivaro IPL-345, IPL-353<\/td><td>Opel Vivaro ZNJ-231<\/td><td>Opel Vivaro MVZ-793<\/td><\/tr><tr><td>Kokonaispituus (mm)<\/td><td>5 309<\/td><td>5 309<\/td><td>4 959<\/td><\/tr><tr><td>Leveys (mm)<\/td><td>1 920<\/td><td>1 920<\/td><td>1 920<\/td><\/tr><tr><td>Korkeus (mm)<\/td><td>1 948<\/td><td>1 948<\/td><td>1 940<\/td><\/tr><tr><td>Tavaratilan mitat: Pituus (mm)<\/td><td>2 570<\/td><td>2 570<\/td><td>2 220<\/td><\/tr><tr><td>Leveys (mm)<\/td><td>1 590<\/td><td>1 590<\/td><td>1 590<\/td><\/tr><tr><td>Korkeus (mm)<\/td><td>1 300<\/td><td>1 300<\/td><td>1 300<\/td><\/tr><tr><td>Omamassa (kg)<\/td><td>2 005<\/td><td>2 005<\/td><td>1 757<\/td><\/tr><tr><td>Tekninen suurin sallittu kokonaismassa (kg)<\/td><td>3 100<\/td><td>3 100<\/td><td>3 100<\/td><\/tr><tr><td>Yhdistelm\u00e4n suurin sallittu kokonaismassa (kg)<\/td><td>4 900<\/td><td>4 900<\/td><td>4 900<\/td><\/tr><tr><td>Per\u00e4vaunumassa jarruin (kg)<\/td><td>2 500<\/td><td>2 500<\/td><td>2 500<\/td><\/tr><tr><td>Suurin nettoteho (kW)<\/td><td>106<\/td><td>106<\/td><td>130<\/td><\/tr><tr><td>Istuinten lukum\u00e4\u00e4r\u00e4<\/td><td>3<\/td><td>3<\/td><td>3<\/td><\/tr><tr><td>Nokkak\u00e4rryt<\/td><td>Kyll\u00e4<\/td><td>Kyll\u00e4<\/td><td>Kyll\u00e4<\/td><\/tr><tr><td>Peruutuskamera<\/td><td>Kyll\u00e4<\/td><td>Kyll\u00e4<\/td><td>Ei<\/td><\/tr><tr><td>Tutka takana<\/td><td>Kyll\u00e4<\/td><td>Kyll\u00e4<\/td><td>Kyll\u00e4<\/td><\/tr><tr><td>Tutka edess\u00e4<\/td><td>Kyll\u00e4<\/td><td>Kyll\u00e4<\/td><td>Ei<\/td><\/tr><tr><td>Katve-avustimet peileiss\u00e4<\/td><td>Kyll\u00e4<\/td><td>Kyll\u00e4<\/td><td>Ei<\/td><\/tr><tr><td>Vetokoukku<\/td><td>Kyll\u00e4<\/td><td>Kyll\u00e4<\/td><td>Kyll\u00e4<\/td><\/tr><\/tbody><\/table><\/figure>\n<\/div><\/div><\/div>\n<\/div><\/div><\/div>\n\n\n\n<h2 class=\"wp-block-heading\">Vuokraa auto ilman kuljettajaa<\/h2>\n\n\n\n<p class=\"has-text-align-center\">Tarvitsetko pakettiautoa omaan k\u00e4ytt\u00f6\u00f6si?<br>Kaikki Vangon autot ovat vuokrattavissa my\u00f6s ilman kuljettajaa <strong>Gomore-palvelun kautta<\/strong>. Ajoneuvot on varustettu <strong>Keyless-laitteella<\/strong>, joten voit noutaa ja palauttaa auton t\u00e4ysin itsen\u00e4isesti \u2013 ilman avainten luovutusta tai tapaamista.<\/p>\n\n\n\n<p class=\"has-text-align-left\">Vuokraus onnistuu helposti suoraan Gomore-sovelluksella tai verkkosivuilla:<\/p>\n\n\n\n<div class=\"wp-block-group is-layout-constrained wp-block-group-is-layout-constrained\">\n<ul class=\"wp-block-list\">\n<li><strong>Tee varaus<\/strong><\/li>\n\n\n\n<li><strong>Avaa ja lukitse auto sovelluksella<\/strong><\/li>\n\n\n\n<li><strong>Aja kun haluat, palautus samalla tavalla<\/strong><\/li>\n<\/ul>\n<\/div>\n\n\n\n<p class=\"has-text-align-left\">Palvelu toimii 24\/7, ja ajoneuvot sijaitsevat Helsingiss\u00e4.<\/p>\n\n\n\n<figure class=\"wp-block-image aligncenter size-large\"><img loading=\"lazy\" decoding=\"async\" width=\"1024\" height=\"659\" src=\"http:\/\/vango.fi\/wp-content\/uploads\/2026\/05\/ipl345-1-1-1024x659.jpg\" alt=\"\" class=\"wp-image-29\" srcset=\"https:\/\/vango.fi\/wp-content\/uploads\/2026\/05\/ipl345-1-1-1024x659.jpg 1024w, https:\/\/vango.fi\/wp-content\/uploads\/2026\/05\/ipl345-1-1-300x193.jpg 300w, https:\/\/vango.fi\/wp-content\/uploads\/2026\/05\/ipl345-1-1-768x494.jpg 768w, https:\/\/vango.fi\/wp-content\/uploads\/2026\/05\/ipl345-1-1-1536x988.jpg 1536w, https:\/\/vango.fi\/wp-content\/uploads\/2026\/05\/ipl345-1-1-2048x1318.jpg 2048w\" sizes=\"auto, (max-width: 1024px) 100vw, 1024px\" \/><figcaption class=\"wp-element-caption\">IPL-345 sijaitsee Kampissa<\/figcaption><\/figure>\n\n\n\n<div class=\"wp-block-buttons is-content-justification-center is-layout-flex wp-container-core-buttons-is-layout-a89b3969 wp-block-buttons-is-layout-flex\">\n<div class=\"wp-block-button\"><a class=\"wp-block-button__link wp-element-button\" href=\"https:\/\/gomore.fi\/vuokra-auto\/597544\" style=\"padding-right:5.6rem;padding-left:5.6rem\" target=\"_blank\" rel=\"noreferrer noopener\">Varaa IPL-345<\/a><\/div>\n<\/div>\n\n\n\n<figure class=\"wp-block-image aligncenter size-large\"><img loading=\"lazy\" decoding=\"async\" width=\"1024\" height=\"729\" src=\"http:\/\/vango.fi\/wp-content\/uploads\/2026\/05\/znj231-1-1024x729.jpg\" alt=\"\" class=\"wp-image-55\" srcset=\"https:\/\/vango.fi\/wp-content\/uploads\/2026\/05\/znj231-1-1024x729.jpg 1024w, https:\/\/vango.fi\/wp-content\/uploads\/2026\/05\/znj231-1-300x214.jpg 300w, https:\/\/vango.fi\/wp-content\/uploads\/2026\/05\/znj231-1-768x547.jpg 768w, https:\/\/vango.fi\/wp-content\/uploads\/2026\/05\/znj231-1-1536x1094.jpg 1536w, https:\/\/vango.fi\/wp-content\/uploads\/2026\/05\/znj231-1-2048x1458.jpg 2048w\" sizes=\"auto, (max-width: 1024px) 100vw, 1024px\" \/><figcaption class=\"wp-element-caption\">ZNJ-231 sijaitsee Kampissa<\/figcaption><\/figure>\n\n\n\n<div class=\"wp-block-buttons is-content-justification-center is-layout-flex wp-container-core-buttons-is-layout-a89b3969 wp-block-buttons-is-layout-flex\">\n<div class=\"wp-block-button is-style-fill\"><a class=\"wp-block-button__link wp-element-button\" href=\"https:\/\/gomore.fi\/vuokra-auto\/824863\" style=\"padding-right:5.6rem;padding-left:5.6rem\" target=\"_blank\" rel=\"noreferrer noopener\">Varaa ZNJ-231<\/a><\/div>\n<\/div>\n\n\n\n<figure class=\"wp-block-image aligncenter size-large\"><img loading=\"lazy\" decoding=\"async\" width=\"1024\" height=\"645\" src=\"http:\/\/vango.fi\/wp-content\/uploads\/2026\/05\/mvz793-1-1024x645.jpeg\" alt=\"\" class=\"wp-image-33\" srcset=\"https:\/\/vango.fi\/wp-content\/uploads\/2026\/05\/mvz793-1-1024x645.jpeg 1024w, https:\/\/vango.fi\/wp-content\/uploads\/2026\/05\/mvz793-1-300x189.jpeg 300w, https:\/\/vango.fi\/wp-content\/uploads\/2026\/05\/mvz793-1-768x484.jpeg 768w, https:\/\/vango.fi\/wp-content\/uploads\/2026\/05\/mvz793-1.jpeg 1136w\" sizes=\"auto, (max-width: 1024px) 100vw, 1024px\" \/><figcaption class=\"wp-element-caption\">MVZ-793 sijaitsee Etu-T\u00f6\u00f6l\u00f6ss\u00e4<\/figcaption><\/figure>\n\n\n\n<div class=\"wp-block-buttons is-content-justification-center is-layout-flex wp-container-core-buttons-is-layout-a89b3969 wp-block-buttons-is-layout-flex\">\n<div class=\"wp-block-button\"><a class=\"wp-block-button__link wp-element-button\" href=\"https:\/\/gomore.fi\/vuokra-auto\/541242\" style=\"padding-right:5.6rem;padding-left:5.6rem\" target=\"_blank\" rel=\"noreferrer noopener\">Varaa MVZ-793<\/a><\/div>\n<\/div>\n\n\n<p><!-- UUSI AUTO: IPL-353 --><\/p>\n\n\n<figure class=\"wp-block-image aligncenter size-large\"><img loading=\"lazy\" decoding=\"async\" width=\"1024\" height=\"461\" src=\"http:\/\/vango.fi\/wp-content\/uploads\/2026\/05\/ipl353-1024x461.jpg\" alt=\"\" class=\"wp-image-19\" srcset=\"https:\/\/vango.fi\/wp-content\/uploads\/2026\/05\/ipl353-1024x461.jpg 1024w, https:\/\/vango.fi\/wp-content\/uploads\/2026\/05\/ipl353-300x135.jpg 300w, https:\/\/vango.fi\/wp-content\/uploads\/2026\/05\/ipl353-768x346.jpg 768w, https:\/\/vango.fi\/wp-content\/uploads\/2026\/05\/ipl353-1536x691.jpg 1536w, https:\/\/vango.fi\/wp-content\/uploads\/2026\/05\/ipl353-2048x922.jpg 2048w\" sizes=\"auto, (max-width: 1024px) 100vw, 1024px\" \/><figcaption class=\"wp-element-caption\">IPL-353 sijaitsee Etu-T\u00f6\u00f6l\u00f6ss\u00e4<\/figcaption><\/figure>\n\n\n\n<div class=\"wp-block-buttons is-content-justification-center is-layout-flex wp-container-core-buttons-is-layout-a89b3969 wp-block-buttons-is-layout-flex\">\n<div class=\"wp-block-button\"><a class=\"wp-block-button__link wp-element-button\" href=\"https:\/\/gomore.fi\/vuokra-auto\/1441991\" style=\"padding-right:5.6rem;padding-left:5.6rem\" target=\"_blank\" rel=\"noreferrer noopener\">Varaa IPL-353<\/a><\/div>\n<\/div>\n\n\n\n<p><\/p>\n","protected":false},"excerpt":{"rendered":"<p>Vango on kuriiripalvelu Helsingist\u00e4, joka kuljettaa tavarasi mihin tahansa Suomessa \u2013 nopeasti, luotettavasti ja aina kuljettajan kanssa. Autojen Tekniset tiedot [&hellip;]<\/p>\n","protected":false},"author":1,"featured_media":0,"parent":0,"menu_order":0,"comment_status":"closed","ping_status":"closed","template":"","meta":{"site-sidebar-layout":"default","site-content-layout":"","ast-site-content-layout":"default","site-content-style":"default","site-sidebar-style":"default","ast-global-header-display":"","ast-banner-title-visibility":"","ast-main-header-display":"","ast-hfb-above-header-display":"","ast-hfb-below-header-display":"","ast-hfb-mobile-header-display":"","site-post-title":"","ast-breadcrumbs-content":"","ast-featured-img":"","footer-sml-layout":"","ast-disable-related-posts":"","theme-transparent-header-meta":"","adv-header-id-meta":"","stick-header-meta":"","header-above-stick-meta":"","header-main-stick-meta":"","header-below-stick-meta":"","astra-migrate-meta-layouts":"default","ast-page-background-enabled":"default","ast-page-background-meta":{"desktop":{"background-color":"var(--ast-global-color-5)","background-image":"","background-repeat":"repeat","background-position":"center center","background-size":"auto","background-attachment":"scroll","background-type":"","background-media":"","overlay-type":"","overlay-color":"","overlay-opacity":"","overlay-gradient":""},"tablet":{"background-color":"","background-image":"","background-repeat":"repeat","background-position":"center center","background-size":"auto","background-attachment":"scroll","background-type":"","background-media":"","overlay-type":"","overlay-color":"","overlay-opacity":"","overlay-gradient":""},"mobile":{"background-color":"","background-image":"","background-repeat":"repeat","background-position":"center center","background-size":"auto","background-attachment":"scroll","background-type":"","background-media":"","overlay-type":"","overlay-color":"","overlay-opacity":"","overlay-gradient":""}},"ast-content-background-meta":{"desktop":{"background-color":"var(--ast-global-color-4)","background-image":"","background-repeat":"repeat","background-position":"center center","background-size":"auto","background-attachment":"scroll","background-type":"","background-media":"","overlay-type":"","overlay-color":"","overlay-opacity":"","overlay-gradient":""},"tablet":{"background-color":"var(--ast-global-color-4)","background-image":"","background-repeat":"repeat","background-position":"center center","background-size":"auto","background-attachment":"scroll","background-type":"","background-media":"","overlay-type":"","overlay-color":"","overlay-opacity":"","overlay-gradient":""},"mobile":{"background-color":"var(--ast-global-color-4)","background-image":"","background-repeat":"repeat","background-position":"center center","background-size":"auto","background-attachment":"scroll","background-type":"","background-media":"","overlay-type":"","overlay-color":"","overlay-opacity":"","overlay-gradient":""}},"footnotes":""},"class_list":["post-12","page","type-page","status-publish","hentry"],"_links":{"self":[{"href":"https:\/\/vango.fi\/index.php?rest_route=\/wp\/v2\/pages\/12","targetHints":{"allow":["GET"]}}],"collection":[{"href":"https:\/\/vango.fi\/index.php?rest_route=\/wp\/v2\/pages"}],"about":[{"href":"https:\/\/vango.fi\/index.php?rest_route=\/wp\/v2\/types\/page"}],"author":[{"embeddable":true,"href":"https:\/\/vango.fi\/index.php?rest_route=\/wp\/v2\/users\/1"}],"replies":[{"embeddable":true,"href":"https:\/\/vango.fi\/index.php?rest_route=%2Fwp%2Fv2%2Fcomments&post=12"}],"version-history":[{"count":3,"href":"https:\/\/vango.fi\/index.php?rest_route=\/wp\/v2\/pages\/12\/revisions"}],"predecessor-version":[{"id":56,"href":"https:\/\/vango.fi\/index.php?rest_route=\/wp\/v2\/pages\/12\/revisions\/56"}],"wp:attachment":[{"href":"https:\/\/vango.fi\/index.php?rest_route=%2Fwp%2Fv2%2Fmedia&parent=12"}],"curies":[{"name":"wp","href":"https:\/\/api.w.org\/{rel}","templated":true}]}}